{"id":2779,"date":"2025-10-18T12:00:02","date_gmt":"2025-10-18T10:00:02","guid":{"rendered":"https:\/\/juice.holifitness-ci.com\/?post_type=product&#038;p=2779"},"modified":"2025-10-18T12:21:03","modified_gmt":"2025-10-18T10:21:03","slug":"jus-dorange","status":"publish","type":"product","link":"https:\/\/juice.holifitness-ci.com\/en\/product\/jus-dorange\/","title":{"rendered":"Jus d&rsquo;orange"},"content":{"rendered":"<p><b>Le classique ensoleill\u00e9, pur et vibrant.<\/b> Le jus d&rsquo;<b>Orange<\/b> dans sa plus simple et meilleure expression. Un pur concentr\u00e9 de soleil et de vitamine C, press\u00e9 \u00e0 la perfection pour un go\u00fbt frais et acidul\u00e9. C&rsquo;est le geste sant\u00e9 incontournable pour un r\u00e9veil tonique ou un coup de boost naturel \u00e0 tout moment de la journ\u00e9e.<\/p>","protected":false},"excerpt":{"rendered":"<p>Ingr\u00e9dients: Orange-Eau- Citron pour la conservation<\/p>","protected":false},"featured_media":2773,"comment_status":"open","ping_status":"closed","template":"","meta":[],"product_brand":[],"product_cat":[88],"product_tag":[],"class_list":{"0":"post-2779","1":"product","2":"type-product","3":"status-publish","4":"has-post-thumbnail","6":"product_cat-les-classiques","8":"first","9":"instock","10":"shipping-taxable","11":"purchasable","12":"product-type-variable"},"yoast_head":"<!-- This site is optimized with the Yoast SEO plugin v27.6 - https:\/\/yoast.com\/product\/yoast-seo-wordpress\/ -->\n<title>Jus d&#039;orange - JUS AUREA<\/title>\n<meta name=\"robots\" content=\"index, follow, max-snippet:-1, max-image-preview:large, max-video-preview:-1\" \/>\n<link rel=\"canonical\" href=\"https:\/\/juice.holifitness-ci.com\/en\/product\/jus-dorange\/\" \/>\n<meta property=\"og:locale\" content=\"en_US\" \/>\n<meta property=\"og:type\" content=\"article\" \/>\n<meta property=\"og:title\" content=\"Jus d&#039;orange - JUS AUREA\" \/>\n<meta property=\"og:description\" content=\"Ingr\u00e9dients: Orange-Eau- Citron pour la conservation\" \/>\n<meta property=\"og:url\" content=\"https:\/\/juice.holifitness-ci.com\/en\/product\/jus-dorange\/\" \/>\n<meta property=\"og:site_name\" content=\"JUS AUREA\" \/>\n<meta property=\"article:modified_time\" content=\"2025-10-18T10:21:03+00:00\" \/>\n<meta property=\"og:image\" content=\"https:\/\/juice.holifitness-ci.com\/wp-content\/uploads\/2025\/10\/jus-dorange.png\" \/>\n\t<meta property=\"og:image:width\" content=\"1024\" \/>\n\t<meta property=\"og:image:height\" content=\"1024\" \/>\n\t<meta property=\"og:image:type\" content=\"image\/png\" \/>\n<meta name=\"twitter:card\" content=\"summary_large_image\" \/>\n<meta name=\"twitter:label1\" content=\"Est. reading time\" \/>\n\t<meta name=\"twitter:data1\" content=\"1 minute\" \/>\n<script type=\"application\/ld+json\" class=\"yoast-schema-graph\">{\"@context\":\"https:\\\/\\\/schema.org\",\"@graph\":[{\"@type\":\"WebPage\",\"@id\":\"https:\\\/\\\/juice.holifitness-ci.com\\\/product\\\/jus-dorange\\\/\",\"url\":\"https:\\\/\\\/juice.holifitness-ci.com\\\/product\\\/jus-dorange\\\/\",\"name\":\"Jus d'orange - JUS AUREA\",\"isPartOf\":{\"@id\":\"https:\\\/\\\/juice.holifitness-ci.com\\\/#website\"},\"primaryImageOfPage\":{\"@id\":\"https:\\\/\\\/juice.holifitness-ci.com\\\/product\\\/jus-dorange\\\/#primaryimage\"},\"image\":{\"@id\":\"https:\\\/\\\/juice.holifitness-ci.com\\\/product\\\/jus-dorange\\\/#primaryimage\"},\"thumbnailUrl\":\"https:\\\/\\\/juice.holifitness-ci.com\\\/wp-content\\\/uploads\\\/2025\\\/10\\\/jus-dorange.png\",\"datePublished\":\"2025-10-18T10:00:02+00:00\",\"dateModified\":\"2025-10-18T10:21:03+00:00\",\"breadcrumb\":{\"@id\":\"https:\\\/\\\/juice.holifitness-ci.com\\\/product\\\/jus-dorange\\\/#breadcrumb\"},\"inLanguage\":\"en-US\",\"potentialAction\":[{\"@type\":\"ReadAction\",\"target\":[\"https:\\\/\\\/juice.holifitness-ci.com\\\/product\\\/jus-dorange\\\/\"]}]},{\"@type\":\"ImageObject\",\"inLanguage\":\"en-US\",\"@id\":\"https:\\\/\\\/juice.holifitness-ci.com\\\/product\\\/jus-dorange\\\/#primaryimage\",\"url\":\"https:\\\/\\\/juice.holifitness-ci.com\\\/wp-content\\\/uploads\\\/2025\\\/10\\\/jus-dorange.png\",\"contentUrl\":\"https:\\\/\\\/juice.holifitness-ci.com\\\/wp-content\\\/uploads\\\/2025\\\/10\\\/jus-dorange.png\",\"width\":1024,\"height\":1024},{\"@type\":\"BreadcrumbList\",\"@id\":\"https:\\\/\\\/juice.holifitness-ci.com\\\/product\\\/jus-dorange\\\/#breadcrumb\",\"itemListElement\":[{\"@type\":\"ListItem\",\"position\":1,\"name\":\"Home\",\"item\":\"https:\\\/\\\/juice.holifitness-ci.com\\\/\"},{\"@type\":\"ListItem\",\"position\":2,\"name\":\"Shop\",\"item\":\"https:\\\/\\\/juice.holifitness-ci.com\\\/shop\\\/\"},{\"@type\":\"ListItem\",\"position\":3,\"name\":\"Jus d&rsquo;orange\"}]},{\"@type\":\"WebSite\",\"@id\":\"https:\\\/\\\/juice.holifitness-ci.com\\\/#website\",\"url\":\"https:\\\/\\\/juice.holifitness-ci.com\\\/\",\"name\":\"JUS AUREA\",\"description\":\"Local - Frais - Bio\",\"potentialAction\":[{\"@type\":\"SearchAction\",\"target\":{\"@type\":\"EntryPoint\",\"urlTemplate\":\"https:\\\/\\\/juice.holifitness-ci.com\\\/?s={search_term_string}\"},\"query-input\":{\"@type\":\"PropertyValueSpecification\",\"valueRequired\":true,\"valueName\":\"search_term_string\"}}],\"inLanguage\":\"en-US\"}]}<\/script>\n<!-- \/ Yoast SEO plugin. -->","yoast_head_json":{"title":"Jus d'orange - JUS AUREA","robots":{"index":"index","follow":"follow","max-snippet":"max-snippet:-1","max-image-preview":"max-image-preview:large","max-video-preview":"max-video-preview:-1"},"canonical":"https:\/\/juice.holifitness-ci.com\/en\/product\/jus-dorange\/","og_locale":"en_US","og_type":"article","og_title":"Jus d'orange - JUS AUREA","og_description":"Ingr\u00e9dients: Orange-Eau- Citron pour la conservation","og_url":"https:\/\/juice.holifitness-ci.com\/en\/product\/jus-dorange\/","og_site_name":"JUS AUREA","article_modified_time":"2025-10-18T10:21:03+00:00","og_image":[{"width":1024,"height":1024,"url":"https:\/\/juice.holifitness-ci.com\/wp-content\/uploads\/2025\/10\/jus-dorange.png","type":"image\/png"}],"twitter_card":"summary_large_image","twitter_misc":{"Est. reading time":"1 minute"},"schema":{"@context":"https:\/\/schema.org","@graph":[{"@type":"WebPage","@id":"https:\/\/juice.holifitness-ci.com\/product\/jus-dorange\/","url":"https:\/\/juice.holifitness-ci.com\/product\/jus-dorange\/","name":"Jus d'orange - JUS AUREA","isPartOf":{"@id":"https:\/\/juice.holifitness-ci.com\/#website"},"primaryImageOfPage":{"@id":"https:\/\/juice.holifitness-ci.com\/product\/jus-dorange\/#primaryimage"},"image":{"@id":"https:\/\/juice.holifitness-ci.com\/product\/jus-dorange\/#primaryimage"},"thumbnailUrl":"https:\/\/juice.holifitness-ci.com\/wp-content\/uploads\/2025\/10\/jus-dorange.png","datePublished":"2025-10-18T10:00:02+00:00","dateModified":"2025-10-18T10:21:03+00:00","breadcrumb":{"@id":"https:\/\/juice.holifitness-ci.com\/product\/jus-dorange\/#breadcrumb"},"inLanguage":"en-US","potentialAction":[{"@type":"ReadAction","target":["https:\/\/juice.holifitness-ci.com\/product\/jus-dorange\/"]}]},{"@type":"ImageObject","inLanguage":"en-US","@id":"https:\/\/juice.holifitness-ci.com\/product\/jus-dorange\/#primaryimage","url":"https:\/\/juice.holifitness-ci.com\/wp-content\/uploads\/2025\/10\/jus-dorange.png","contentUrl":"https:\/\/juice.holifitness-ci.com\/wp-content\/uploads\/2025\/10\/jus-dorange.png","width":1024,"height":1024},{"@type":"BreadcrumbList","@id":"https:\/\/juice.holifitness-ci.com\/product\/jus-dorange\/#breadcrumb","itemListElement":[{"@type":"ListItem","position":1,"name":"Home","item":"https:\/\/juice.holifitness-ci.com\/"},{"@type":"ListItem","position":2,"name":"Shop","item":"https:\/\/juice.holifitness-ci.com\/shop\/"},{"@type":"ListItem","position":3,"name":"Jus d&rsquo;orange"}]},{"@type":"WebSite","@id":"https:\/\/juice.holifitness-ci.com\/#website","url":"https:\/\/juice.holifitness-ci.com\/","name":"JUS AUREA","description":"Local - Frais - Bio","potentialAction":[{"@type":"SearchAction","target":{"@type":"EntryPoint","urlTemplate":"https:\/\/juice.holifitness-ci.com\/?s={search_term_string}"},"query-input":{"@type":"PropertyValueSpecification","valueRequired":true,"valueName":"search_term_string"}}],"inLanguage":"en-US"}]}},"_links":{"self":[{"href":"https:\/\/juice.holifitness-ci.com\/en\/wp-json\/wp\/v2\/product\/2779","targetHints":{"allow":["GET"]}}],"collection":[{"href":"https:\/\/juice.holifitness-ci.com\/en\/wp-json\/wp\/v2\/product"}],"about":[{"href":"https:\/\/juice.holifitness-ci.com\/en\/wp-json\/wp\/v2\/types\/product"}],"replies":[{"embeddable":true,"href":"https:\/\/juice.holifitness-ci.com\/en\/wp-json\/wp\/v2\/comments?post=2779"}],"wp:featuredmedia":[{"embeddable":true,"href":"https:\/\/juice.holifitness-ci.com\/en\/wp-json\/wp\/v2\/media\/2773"}],"wp:attachment":[{"href":"https:\/\/juice.holifitness-ci.com\/en\/wp-json\/wp\/v2\/media?parent=2779"}],"wp:term":[{"taxonomy":"product_brand","embeddable":true,"href":"https:\/\/juice.holifitness-ci.com\/en\/wp-json\/wp\/v2\/product_brand?post=2779"},{"taxonomy":"product_cat","embeddable":true,"href":"https:\/\/juice.holifitness-ci.com\/en\/wp-json\/wp\/v2\/product_cat?post=2779"},{"taxonomy":"product_tag","embeddable":true,"href":"https:\/\/juice.holifitness-ci.com\/en\/wp-json\/wp\/v2\/product_tag?post=2779"}],"curies":[{"name":"wp","href":"https:\/\/api.w.org\/{rel}","templated":true}]}}