{"id":2579,"date":"2025-09-29T17:13:58","date_gmt":"2025-09-29T15:13:58","guid":{"rendered":"https:\/\/juice.holifitness-ci.com\/?post_type=product&#038;p=2579"},"modified":"2025-10-18T12:25:11","modified_gmt":"2025-10-18T10:25:11","slug":"jus-kiwi-pomme","status":"publish","type":"product","link":"https:\/\/juice.holifitness-ci.com\/en\/product\/jus-kiwi-pomme\/","title":{"rendered":"Jus Kiwi-Pomme"},"content":{"rendered":"<p><b>Le duo vert et vitamin\u00e9 pour un \u00e9veil en douceur.<\/b> Le <b>Kiwi<\/b> acidul\u00e9 et juteux rencontre la douceur famili\u00e8re de la <b>Pomme<\/b>. Ce jus offre un \u00e9quilibre parfait entre fra\u00eecheur et notes sucr\u00e9es. L\u00e9ger, revitalisant et plein de vitamine C, il est votre alli\u00e9 quotidien pour une pause saine.<\/p>","protected":false},"excerpt":{"rendered":"<p><strong>Ingr\u00e9dients:<\/strong> Kiwi bien mur pel\u00e9s-pommes vertes-eau<\/p>","protected":false},"featured_media":2648,"comment_status":"open","ping_status":"closed","template":"","meta":[],"product_brand":[],"product_cat":[87,94],"product_tag":[],"class_list":{"0":"post-2579","1":"product","2":"type-product","3":"status-publish","4":"has-post-thumbnail","6":"product_cat-hiver","7":"product_cat-les-mix-creatifs","9":"first","10":"instock","11":"shipping-taxable","12":"purchasable","13":"product-type-simple"},"yoast_head":"<!-- This site is optimized with the Yoast SEO plugin v27.6 - https:\/\/yoast.com\/product\/yoast-seo-wordpress\/ -->\n<title>Jus Kiwi-Pomme - JUS AUREA<\/title>\n<meta name=\"robots\" content=\"index, follow, max-snippet:-1, max-image-preview:large, max-video-preview:-1\" \/>\n<link rel=\"canonical\" href=\"https:\/\/juice.holifitness-ci.com\/en\/product\/jus-kiwi-pomme\/\" \/>\n<meta property=\"og:locale\" content=\"en_US\" \/>\n<meta property=\"og:type\" content=\"article\" \/>\n<meta property=\"og:title\" content=\"Jus Kiwi-Pomme - JUS AUREA\" \/>\n<meta property=\"og:description\" content=\"Ingr\u00e9dients: Kiwi bien mur pel\u00e9s-pommes vertes-eau\" \/>\n<meta property=\"og:url\" content=\"https:\/\/juice.holifitness-ci.com\/en\/product\/jus-kiwi-pomme\/\" \/>\n<meta property=\"og:site_name\" content=\"JUS AUREA\" \/>\n<meta property=\"article:modified_time\" content=\"2025-10-18T10:25:11+00:00\" \/>\n<meta property=\"og:image\" content=\"https:\/\/juice.holifitness-ci.com\/wp-content\/uploads\/2025\/09\/Gemini_Generated_Image_df4l9ndf4l9ndf4l.png\" \/>\n\t<meta property=\"og:image:width\" content=\"1024\" \/>\n\t<meta property=\"og:image:height\" content=\"1024\" \/>\n\t<meta property=\"og:image:type\" content=\"image\/png\" \/>\n<meta name=\"twitter:card\" content=\"summary_large_image\" \/>\n<meta name=\"twitter:label1\" content=\"Est. reading time\" \/>\n\t<meta name=\"twitter:data1\" content=\"1 minute\" \/>\n<script type=\"application\/ld+json\" class=\"yoast-schema-graph\">{\"@context\":\"https:\\\/\\\/schema.org\",\"@graph\":[{\"@type\":\"WebPage\",\"@id\":\"https:\\\/\\\/juice.holifitness-ci.com\\\/product\\\/jus-kiwi-pomme\\\/\",\"url\":\"https:\\\/\\\/juice.holifitness-ci.com\\\/product\\\/jus-kiwi-pomme\\\/\",\"name\":\"Jus Kiwi-Pomme - JUS AUREA\",\"isPartOf\":{\"@id\":\"https:\\\/\\\/juice.holifitness-ci.com\\\/#website\"},\"primaryImageOfPage\":{\"@id\":\"https:\\\/\\\/juice.holifitness-ci.com\\\/product\\\/jus-kiwi-pomme\\\/#primaryimage\"},\"image\":{\"@id\":\"https:\\\/\\\/juice.holifitness-ci.com\\\/product\\\/jus-kiwi-pomme\\\/#primaryimage\"},\"thumbnailUrl\":\"https:\\\/\\\/juice.holifitness-ci.com\\\/wp-content\\\/uploads\\\/2025\\\/09\\\/Gemini_Generated_Image_df4l9ndf4l9ndf4l.png\",\"datePublished\":\"2025-09-29T15:13:58+00:00\",\"dateModified\":\"2025-10-18T10:25:11+00:00\",\"breadcrumb\":{\"@id\":\"https:\\\/\\\/juice.holifitness-ci.com\\\/product\\\/jus-kiwi-pomme\\\/#breadcrumb\"},\"inLanguage\":\"en-US\",\"potentialAction\":[{\"@type\":\"ReadAction\",\"target\":[\"https:\\\/\\\/juice.holifitness-ci.com\\\/product\\\/jus-kiwi-pomme\\\/\"]}]},{\"@type\":\"ImageObject\",\"inLanguage\":\"en-US\",\"@id\":\"https:\\\/\\\/juice.holifitness-ci.com\\\/product\\\/jus-kiwi-pomme\\\/#primaryimage\",\"url\":\"https:\\\/\\\/juice.holifitness-ci.com\\\/wp-content\\\/uploads\\\/2025\\\/09\\\/Gemini_Generated_Image_df4l9ndf4l9ndf4l.png\",\"contentUrl\":\"https:\\\/\\\/juice.holifitness-ci.com\\\/wp-content\\\/uploads\\\/2025\\\/09\\\/Gemini_Generated_Image_df4l9ndf4l9ndf4l.png\",\"width\":1024,\"height\":1024},{\"@type\":\"BreadcrumbList\",\"@id\":\"https:\\\/\\\/juice.holifitness-ci.com\\\/product\\\/jus-kiwi-pomme\\\/#breadcrumb\",\"itemListElement\":[{\"@type\":\"ListItem\",\"position\":1,\"name\":\"Home\",\"item\":\"https:\\\/\\\/juice.holifitness-ci.com\\\/\"},{\"@type\":\"ListItem\",\"position\":2,\"name\":\"Shop\",\"item\":\"https:\\\/\\\/juice.holifitness-ci.com\\\/shop\\\/\"},{\"@type\":\"ListItem\",\"position\":3,\"name\":\"Jus Kiwi-Pomme\"}]},{\"@type\":\"WebSite\",\"@id\":\"https:\\\/\\\/juice.holifitness-ci.com\\\/#website\",\"url\":\"https:\\\/\\\/juice.holifitness-ci.com\\\/\",\"name\":\"JUS AUREA\",\"description\":\"Local - Frais - Bio\",\"potentialAction\":[{\"@type\":\"SearchAction\",\"target\":{\"@type\":\"EntryPoint\",\"urlTemplate\":\"https:\\\/\\\/juice.holifitness-ci.com\\\/?s={search_term_string}\"},\"query-input\":{\"@type\":\"PropertyValueSpecification\",\"valueRequired\":true,\"valueName\":\"search_term_string\"}}],\"inLanguage\":\"en-US\"}]}<\/script>\n<!-- \/ Yoast SEO plugin. -->","yoast_head_json":{"title":"Jus Kiwi-Pomme - JUS AUREA","robots":{"index":"index","follow":"follow","max-snippet":"max-snippet:-1","max-image-preview":"max-image-preview:large","max-video-preview":"max-video-preview:-1"},"canonical":"https:\/\/juice.holifitness-ci.com\/en\/product\/jus-kiwi-pomme\/","og_locale":"en_US","og_type":"article","og_title":"Jus Kiwi-Pomme - JUS AUREA","og_description":"Ingr\u00e9dients: Kiwi bien mur pel\u00e9s-pommes vertes-eau","og_url":"https:\/\/juice.holifitness-ci.com\/en\/product\/jus-kiwi-pomme\/","og_site_name":"JUS AUREA","article_modified_time":"2025-10-18T10:25:11+00:00","og_image":[{"width":1024,"height":1024,"url":"https:\/\/juice.holifitness-ci.com\/wp-content\/uploads\/2025\/09\/Gemini_Generated_Image_df4l9ndf4l9ndf4l.png","type":"image\/png"}],"twitter_card":"summary_large_image","twitter_misc":{"Est. reading time":"1 minute"},"schema":{"@context":"https:\/\/schema.org","@graph":[{"@type":"WebPage","@id":"https:\/\/juice.holifitness-ci.com\/product\/jus-kiwi-pomme\/","url":"https:\/\/juice.holifitness-ci.com\/product\/jus-kiwi-pomme\/","name":"Jus Kiwi-Pomme - JUS AUREA","isPartOf":{"@id":"https:\/\/juice.holifitness-ci.com\/#website"},"primaryImageOfPage":{"@id":"https:\/\/juice.holifitness-ci.com\/product\/jus-kiwi-pomme\/#primaryimage"},"image":{"@id":"https:\/\/juice.holifitness-ci.com\/product\/jus-kiwi-pomme\/#primaryimage"},"thumbnailUrl":"https:\/\/juice.holifitness-ci.com\/wp-content\/uploads\/2025\/09\/Gemini_Generated_Image_df4l9ndf4l9ndf4l.png","datePublished":"2025-09-29T15:13:58+00:00","dateModified":"2025-10-18T10:25:11+00:00","breadcrumb":{"@id":"https:\/\/juice.holifitness-ci.com\/product\/jus-kiwi-pomme\/#breadcrumb"},"inLanguage":"en-US","potentialAction":[{"@type":"ReadAction","target":["https:\/\/juice.holifitness-ci.com\/product\/jus-kiwi-pomme\/"]}]},{"@type":"ImageObject","inLanguage":"en-US","@id":"https:\/\/juice.holifitness-ci.com\/product\/jus-kiwi-pomme\/#primaryimage","url":"https:\/\/juice.holifitness-ci.com\/wp-content\/uploads\/2025\/09\/Gemini_Generated_Image_df4l9ndf4l9ndf4l.png","contentUrl":"https:\/\/juice.holifitness-ci.com\/wp-content\/uploads\/2025\/09\/Gemini_Generated_Image_df4l9ndf4l9ndf4l.png","width":1024,"height":1024},{"@type":"BreadcrumbList","@id":"https:\/\/juice.holifitness-ci.com\/product\/jus-kiwi-pomme\/#breadcrumb","itemListElement":[{"@type":"ListItem","position":1,"name":"Home","item":"https:\/\/juice.holifitness-ci.com\/"},{"@type":"ListItem","position":2,"name":"Shop","item":"https:\/\/juice.holifitness-ci.com\/shop\/"},{"@type":"ListItem","position":3,"name":"Jus Kiwi-Pomme"}]},{"@type":"WebSite","@id":"https:\/\/juice.holifitness-ci.com\/#website","url":"https:\/\/juice.holifitness-ci.com\/","name":"JUS AUREA","description":"Local - Frais - Bio","potentialAction":[{"@type":"SearchAction","target":{"@type":"EntryPoint","urlTemplate":"https:\/\/juice.holifitness-ci.com\/?s={search_term_string}"},"query-input":{"@type":"PropertyValueSpecification","valueRequired":true,"valueName":"search_term_string"}}],"inLanguage":"en-US"}]}},"_links":{"self":[{"href":"https:\/\/juice.holifitness-ci.com\/en\/wp-json\/wp\/v2\/product\/2579","targetHints":{"allow":["GET"]}}],"collection":[{"href":"https:\/\/juice.holifitness-ci.com\/en\/wp-json\/wp\/v2\/product"}],"about":[{"href":"https:\/\/juice.holifitness-ci.com\/en\/wp-json\/wp\/v2\/types\/product"}],"replies":[{"embeddable":true,"href":"https:\/\/juice.holifitness-ci.com\/en\/wp-json\/wp\/v2\/comments?post=2579"}],"wp:featuredmedia":[{"embeddable":true,"href":"https:\/\/juice.holifitness-ci.com\/en\/wp-json\/wp\/v2\/media\/2648"}],"wp:attachment":[{"href":"https:\/\/juice.holifitness-ci.com\/en\/wp-json\/wp\/v2\/media?parent=2579"}],"wp:term":[{"taxonomy":"product_brand","embeddable":true,"href":"https:\/\/juice.holifitness-ci.com\/en\/wp-json\/wp\/v2\/product_brand?post=2579"},{"taxonomy":"product_cat","embeddable":true,"href":"https:\/\/juice.holifitness-ci.com\/en\/wp-json\/wp\/v2\/product_cat?post=2579"},{"taxonomy":"product_tag","embeddable":true,"href":"https:\/\/juice.holifitness-ci.com\/en\/wp-json\/wp\/v2\/product_tag?post=2579"}],"curies":[{"name":"wp","href":"https:\/\/api.w.org\/{rel}","templated":true}]}}