{"id":2575,"date":"2025-09-29T17:06:38","date_gmt":"2025-09-29T15:06:38","guid":{"rendered":"https:\/\/juice.holifitness-ci.com\/?post_type=product&#038;p=2575"},"modified":"2025-10-18T10:36:52","modified_gmt":"2025-10-18T08:36:52","slug":"jus-orange-mandarine-citron","status":"publish","type":"product","link":"https:\/\/juice.holifitness-ci.com\/en\/product\/jus-orange-mandarine-citron\/","title":{"rendered":"Jus Orange Mandarine Citron"},"content":{"rendered":"<p><b>L&rsquo;explosion d&rsquo;agrumes ensoleill\u00e9e.<\/b> Un triple concentr\u00e9 de soleil ! L&rsquo;<b>Orange<\/b> g\u00e9n\u00e9reuse, la <b>Mandarine<\/b> parfum\u00e9e et le <b>Citron<\/b> zest\u00e9 se donnent rendez-vous dans ce jus p\u00e9tillant. Une saveur incroyablement fra\u00eeche et dynamisante, parfaite pour un r\u00e9veil \u00e9nergisant ou un coup de frais \u00e0 tout moment.<\/p>","protected":false},"excerpt":{"rendered":"<p>Ingr\u00e9dients: oranges fraiches (press\u00e9es)-mandarine (fraiches<br \/>\n(pr\u00e9ss\u00e9es)-Cirton jaune ou vert pr\u00e9ss\u00e9s..<\/p>","protected":false},"featured_media":2649,"comment_status":"open","ping_status":"closed","template":"","meta":[],"product_brand":[],"product_cat":[87,94],"product_tag":[],"class_list":{"0":"post-2575","1":"product","2":"type-product","3":"status-publish","4":"has-post-thumbnail","6":"product_cat-hiver","7":"product_cat-les-mix-creatifs","9":"first","10":"instock","11":"shipping-taxable","12":"purchasable","13":"product-type-simple"},"yoast_head":"<!-- This site is optimized with the Yoast SEO plugin v27.6 - https:\/\/yoast.com\/product\/yoast-seo-wordpress\/ -->\n<title>Jus Orange Mandarine Citron - JUS AUREA<\/title>\n<meta name=\"robots\" content=\"index, follow, max-snippet:-1, max-image-preview:large, max-video-preview:-1\" \/>\n<link rel=\"canonical\" href=\"https:\/\/juice.holifitness-ci.com\/en\/product\/jus-orange-mandarine-citron\/\" \/>\n<meta property=\"og:locale\" content=\"en_US\" \/>\n<meta property=\"og:type\" content=\"article\" \/>\n<meta property=\"og:title\" content=\"Jus Orange Mandarine Citron - JUS AUREA\" \/>\n<meta property=\"og:description\" content=\"Ingr\u00e9dients: oranges fraiches (press\u00e9es)-mandarine (fraiches (pr\u00e9ss\u00e9es)-Cirton jaune ou vert pr\u00e9ss\u00e9s..\" \/>\n<meta property=\"og:url\" content=\"https:\/\/juice.holifitness-ci.com\/en\/product\/jus-orange-mandarine-citron\/\" \/>\n<meta property=\"og:site_name\" content=\"JUS AUREA\" \/>\n<meta property=\"article:modified_time\" content=\"2025-10-18T08:36:52+00:00\" \/>\n<meta property=\"og:image\" content=\"https:\/\/juice.holifitness-ci.com\/wp-content\/uploads\/2025\/09\/Gemini_Generated_Image_3mjjn63mjjn63mjj.png\" \/>\n\t<meta property=\"og:image:width\" content=\"1024\" \/>\n\t<meta property=\"og:image:height\" content=\"1024\" \/>\n\t<meta property=\"og:image:type\" content=\"image\/png\" \/>\n<meta name=\"twitter:card\" content=\"summary_large_image\" \/>\n<meta name=\"twitter:label1\" content=\"Est. reading time\" \/>\n\t<meta name=\"twitter:data1\" content=\"1 minute\" \/>\n<script type=\"application\/ld+json\" class=\"yoast-schema-graph\">{\"@context\":\"https:\\\/\\\/schema.org\",\"@graph\":[{\"@type\":\"WebPage\",\"@id\":\"https:\\\/\\\/juice.holifitness-ci.com\\\/product\\\/jus-orange-mandarine-citron\\\/\",\"url\":\"https:\\\/\\\/juice.holifitness-ci.com\\\/product\\\/jus-orange-mandarine-citron\\\/\",\"name\":\"Jus Orange Mandarine Citron - JUS AUREA\",\"isPartOf\":{\"@id\":\"https:\\\/\\\/juice.holifitness-ci.com\\\/#website\"},\"primaryImageOfPage\":{\"@id\":\"https:\\\/\\\/juice.holifitness-ci.com\\\/product\\\/jus-orange-mandarine-citron\\\/#primaryimage\"},\"image\":{\"@id\":\"https:\\\/\\\/juice.holifitness-ci.com\\\/product\\\/jus-orange-mandarine-citron\\\/#primaryimage\"},\"thumbnailUrl\":\"https:\\\/\\\/juice.holifitness-ci.com\\\/wp-content\\\/uploads\\\/2025\\\/09\\\/Gemini_Generated_Image_3mjjn63mjjn63mjj.png\",\"datePublished\":\"2025-09-29T15:06:38+00:00\",\"dateModified\":\"2025-10-18T08:36:52+00:00\",\"breadcrumb\":{\"@id\":\"https:\\\/\\\/juice.holifitness-ci.com\\\/product\\\/jus-orange-mandarine-citron\\\/#breadcrumb\"},\"inLanguage\":\"en-US\",\"potentialAction\":[{\"@type\":\"ReadAction\",\"target\":[\"https:\\\/\\\/juice.holifitness-ci.com\\\/product\\\/jus-orange-mandarine-citron\\\/\"]}]},{\"@type\":\"ImageObject\",\"inLanguage\":\"en-US\",\"@id\":\"https:\\\/\\\/juice.holifitness-ci.com\\\/product\\\/jus-orange-mandarine-citron\\\/#primaryimage\",\"url\":\"https:\\\/\\\/juice.holifitness-ci.com\\\/wp-content\\\/uploads\\\/2025\\\/09\\\/Gemini_Generated_Image_3mjjn63mjjn63mjj.png\",\"contentUrl\":\"https:\\\/\\\/juice.holifitness-ci.com\\\/wp-content\\\/uploads\\\/2025\\\/09\\\/Gemini_Generated_Image_3mjjn63mjjn63mjj.png\",\"width\":1024,\"height\":1024},{\"@type\":\"BreadcrumbList\",\"@id\":\"https:\\\/\\\/juice.holifitness-ci.com\\\/product\\\/jus-orange-mandarine-citron\\\/#breadcrumb\",\"itemListElement\":[{\"@type\":\"ListItem\",\"position\":1,\"name\":\"Home\",\"item\":\"https:\\\/\\\/juice.holifitness-ci.com\\\/\"},{\"@type\":\"ListItem\",\"position\":2,\"name\":\"Shop\",\"item\":\"https:\\\/\\\/juice.holifitness-ci.com\\\/shop\\\/\"},{\"@type\":\"ListItem\",\"position\":3,\"name\":\"Jus Orange Mandarine Citron\"}]},{\"@type\":\"WebSite\",\"@id\":\"https:\\\/\\\/juice.holifitness-ci.com\\\/#website\",\"url\":\"https:\\\/\\\/juice.holifitness-ci.com\\\/\",\"name\":\"JUS AUREA\",\"description\":\"Local - Frais - Bio\",\"potentialAction\":[{\"@type\":\"SearchAction\",\"target\":{\"@type\":\"EntryPoint\",\"urlTemplate\":\"https:\\\/\\\/juice.holifitness-ci.com\\\/?s={search_term_string}\"},\"query-input\":{\"@type\":\"PropertyValueSpecification\",\"valueRequired\":true,\"valueName\":\"search_term_string\"}}],\"inLanguage\":\"en-US\"}]}<\/script>\n<!-- \/ Yoast SEO plugin. -->","yoast_head_json":{"title":"Jus Orange Mandarine Citron - JUS AUREA","robots":{"index":"index","follow":"follow","max-snippet":"max-snippet:-1","max-image-preview":"max-image-preview:large","max-video-preview":"max-video-preview:-1"},"canonical":"https:\/\/juice.holifitness-ci.com\/en\/product\/jus-orange-mandarine-citron\/","og_locale":"en_US","og_type":"article","og_title":"Jus Orange Mandarine Citron - JUS AUREA","og_description":"Ingr\u00e9dients: oranges fraiches (press\u00e9es)-mandarine (fraiches (pr\u00e9ss\u00e9es)-Cirton jaune ou vert pr\u00e9ss\u00e9s..","og_url":"https:\/\/juice.holifitness-ci.com\/en\/product\/jus-orange-mandarine-citron\/","og_site_name":"JUS AUREA","article_modified_time":"2025-10-18T08:36:52+00:00","og_image":[{"width":1024,"height":1024,"url":"https:\/\/juice.holifitness-ci.com\/wp-content\/uploads\/2025\/09\/Gemini_Generated_Image_3mjjn63mjjn63mjj.png","type":"image\/png"}],"twitter_card":"summary_large_image","twitter_misc":{"Est. reading time":"1 minute"},"schema":{"@context":"https:\/\/schema.org","@graph":[{"@type":"WebPage","@id":"https:\/\/juice.holifitness-ci.com\/product\/jus-orange-mandarine-citron\/","url":"https:\/\/juice.holifitness-ci.com\/product\/jus-orange-mandarine-citron\/","name":"Jus Orange Mandarine Citron - JUS AUREA","isPartOf":{"@id":"https:\/\/juice.holifitness-ci.com\/#website"},"primaryImageOfPage":{"@id":"https:\/\/juice.holifitness-ci.com\/product\/jus-orange-mandarine-citron\/#primaryimage"},"image":{"@id":"https:\/\/juice.holifitness-ci.com\/product\/jus-orange-mandarine-citron\/#primaryimage"},"thumbnailUrl":"https:\/\/juice.holifitness-ci.com\/wp-content\/uploads\/2025\/09\/Gemini_Generated_Image_3mjjn63mjjn63mjj.png","datePublished":"2025-09-29T15:06:38+00:00","dateModified":"2025-10-18T08:36:52+00:00","breadcrumb":{"@id":"https:\/\/juice.holifitness-ci.com\/product\/jus-orange-mandarine-citron\/#breadcrumb"},"inLanguage":"en-US","potentialAction":[{"@type":"ReadAction","target":["https:\/\/juice.holifitness-ci.com\/product\/jus-orange-mandarine-citron\/"]}]},{"@type":"ImageObject","inLanguage":"en-US","@id":"https:\/\/juice.holifitness-ci.com\/product\/jus-orange-mandarine-citron\/#primaryimage","url":"https:\/\/juice.holifitness-ci.com\/wp-content\/uploads\/2025\/09\/Gemini_Generated_Image_3mjjn63mjjn63mjj.png","contentUrl":"https:\/\/juice.holifitness-ci.com\/wp-content\/uploads\/2025\/09\/Gemini_Generated_Image_3mjjn63mjjn63mjj.png","width":1024,"height":1024},{"@type":"BreadcrumbList","@id":"https:\/\/juice.holifitness-ci.com\/product\/jus-orange-mandarine-citron\/#breadcrumb","itemListElement":[{"@type":"ListItem","position":1,"name":"Home","item":"https:\/\/juice.holifitness-ci.com\/"},{"@type":"ListItem","position":2,"name":"Shop","item":"https:\/\/juice.holifitness-ci.com\/shop\/"},{"@type":"ListItem","position":3,"name":"Jus Orange Mandarine Citron"}]},{"@type":"WebSite","@id":"https:\/\/juice.holifitness-ci.com\/#website","url":"https:\/\/juice.holifitness-ci.com\/","name":"JUS AUREA","description":"Local - Frais - Bio","potentialAction":[{"@type":"SearchAction","target":{"@type":"EntryPoint","urlTemplate":"https:\/\/juice.holifitness-ci.com\/?s={search_term_string}"},"query-input":{"@type":"PropertyValueSpecification","valueRequired":true,"valueName":"search_term_string"}}],"inLanguage":"en-US"}]}},"_links":{"self":[{"href":"https:\/\/juice.holifitness-ci.com\/en\/wp-json\/wp\/v2\/product\/2575","targetHints":{"allow":["GET"]}}],"collection":[{"href":"https:\/\/juice.holifitness-ci.com\/en\/wp-json\/wp\/v2\/product"}],"about":[{"href":"https:\/\/juice.holifitness-ci.com\/en\/wp-json\/wp\/v2\/types\/product"}],"replies":[{"embeddable":true,"href":"https:\/\/juice.holifitness-ci.com\/en\/wp-json\/wp\/v2\/comments?post=2575"}],"wp:featuredmedia":[{"embeddable":true,"href":"https:\/\/juice.holifitness-ci.com\/en\/wp-json\/wp\/v2\/media\/2649"}],"wp:attachment":[{"href":"https:\/\/juice.holifitness-ci.com\/en\/wp-json\/wp\/v2\/media?parent=2575"}],"wp:term":[{"taxonomy":"product_brand","embeddable":true,"href":"https:\/\/juice.holifitness-ci.com\/en\/wp-json\/wp\/v2\/product_brand?post=2575"},{"taxonomy":"product_cat","embeddable":true,"href":"https:\/\/juice.holifitness-ci.com\/en\/wp-json\/wp\/v2\/product_cat?post=2575"},{"taxonomy":"product_tag","embeddable":true,"href":"https:\/\/juice.holifitness-ci.com\/en\/wp-json\/wp\/v2\/product_tag?post=2575"}],"curies":[{"name":"wp","href":"https:\/\/api.w.org\/{rel}","templated":true}]}}