{"id":2564,"date":"2025-09-29T15:52:03","date_gmt":"2025-09-29T13:52:03","guid":{"rendered":"https:\/\/juice.holifitness-ci.com\/?post_type=product&#038;p=2564"},"modified":"2025-10-17T18:11:43","modified_gmt":"2025-10-17T16:11:43","slug":"jus-pomme-poire-gingembre","status":"publish","type":"product","link":"https:\/\/juice.holifitness-ci.com\/en\/product\/jus-pomme-poire-gingembre\/","title":{"rendered":"Jus Pomme Poire Gingembre"},"content":{"rendered":"<p><b>L&rsquo;\u00e9quilibre parfait entre douceur et caract\u00e8re.<\/b> Notre jus <b>Pomme-Poire-Gingembre<\/b> est une symphonie de saveurs. La poire et la pomme offrent une base douce et ronde, \u00e9l\u00e9gamment rehauss\u00e9e par la note piquante et r\u00e9chauffante du gingembre. Id\u00e9al pour ceux qui aiment les saveurs avec du temp\u00e9rament, c&rsquo;est le coup de boost naturel dont vous avez besoin.<\/p>","protected":false},"excerpt":{"rendered":"<p><strong>Ingr\u00e9dients:<\/strong> Pommes fraiches lav\u00e9es et coup\u00e9es-Poires mures-<br \/>\ngimgembre (un petit morceau)-Eau .<\/p>","protected":false},"featured_media":2622,"comment_status":"open","ping_status":"closed","template":"","meta":[],"product_brand":[],"product_cat":[86],"product_tag":[],"class_list":{"0":"post-2564","1":"product","2":"type-product","3":"status-publish","4":"has-post-thumbnail","6":"product_cat-automne","8":"first","9":"instock","10":"shipping-taxable","11":"purchasable","12":"product-type-simple"},"yoast_head":"<!-- This site is optimized with the Yoast SEO plugin v27.6 - https:\/\/yoast.com\/product\/yoast-seo-wordpress\/ -->\n<title>Jus Pomme Poire Gingembre - JUS AUREA<\/title>\n<meta name=\"robots\" content=\"index, follow, max-snippet:-1, max-image-preview:large, max-video-preview:-1\" \/>\n<link rel=\"canonical\" href=\"https:\/\/juice.holifitness-ci.com\/en\/product\/jus-pomme-poire-gingembre\/\" \/>\n<meta property=\"og:locale\" content=\"en_US\" \/>\n<meta property=\"og:type\" content=\"article\" \/>\n<meta property=\"og:title\" content=\"Jus Pomme Poire Gingembre - JUS AUREA\" \/>\n<meta property=\"og:description\" content=\"Ingr\u00e9dients: Pommes fraiches lav\u00e9es et coup\u00e9es-Poires mures- gimgembre (un petit morceau)-Eau .\" \/>\n<meta property=\"og:url\" content=\"https:\/\/juice.holifitness-ci.com\/en\/product\/jus-pomme-poire-gingembre\/\" \/>\n<meta property=\"og:site_name\" content=\"JUS AUREA\" \/>\n<meta property=\"article:modified_time\" content=\"2025-10-17T16:11:43+00:00\" \/>\n<meta property=\"og:image\" content=\"https:\/\/juice.holifitness-ci.com\/wp-content\/uploads\/2025\/09\/Gemini_Generated_Image_s8xjpzs8xjpzs8xj.png\" \/>\n\t<meta property=\"og:image:width\" content=\"1024\" \/>\n\t<meta property=\"og:image:height\" content=\"1024\" \/>\n\t<meta property=\"og:image:type\" content=\"image\/png\" \/>\n<meta name=\"twitter:card\" content=\"summary_large_image\" \/>\n<meta name=\"twitter:label1\" content=\"Est. reading time\" \/>\n\t<meta name=\"twitter:data1\" content=\"1 minute\" \/>\n<script type=\"application\/ld+json\" class=\"yoast-schema-graph\">{\"@context\":\"https:\\\/\\\/schema.org\",\"@graph\":[{\"@type\":\"WebPage\",\"@id\":\"https:\\\/\\\/juice.holifitness-ci.com\\\/product\\\/jus-pomme-poire-gingembre\\\/\",\"url\":\"https:\\\/\\\/juice.holifitness-ci.com\\\/product\\\/jus-pomme-poire-gingembre\\\/\",\"name\":\"Jus Pomme Poire Gingembre - JUS AUREA\",\"isPartOf\":{\"@id\":\"https:\\\/\\\/juice.holifitness-ci.com\\\/#website\"},\"primaryImageOfPage\":{\"@id\":\"https:\\\/\\\/juice.holifitness-ci.com\\\/product\\\/jus-pomme-poire-gingembre\\\/#primaryimage\"},\"image\":{\"@id\":\"https:\\\/\\\/juice.holifitness-ci.com\\\/product\\\/jus-pomme-poire-gingembre\\\/#primaryimage\"},\"thumbnailUrl\":\"https:\\\/\\\/juice.holifitness-ci.com\\\/wp-content\\\/uploads\\\/2025\\\/09\\\/Gemini_Generated_Image_s8xjpzs8xjpzs8xj.png\",\"datePublished\":\"2025-09-29T13:52:03+00:00\",\"dateModified\":\"2025-10-17T16:11:43+00:00\",\"breadcrumb\":{\"@id\":\"https:\\\/\\\/juice.holifitness-ci.com\\\/product\\\/jus-pomme-poire-gingembre\\\/#breadcrumb\"},\"inLanguage\":\"en-US\",\"potentialAction\":[{\"@type\":\"ReadAction\",\"target\":[\"https:\\\/\\\/juice.holifitness-ci.com\\\/product\\\/jus-pomme-poire-gingembre\\\/\"]}]},{\"@type\":\"ImageObject\",\"inLanguage\":\"en-US\",\"@id\":\"https:\\\/\\\/juice.holifitness-ci.com\\\/product\\\/jus-pomme-poire-gingembre\\\/#primaryimage\",\"url\":\"https:\\\/\\\/juice.holifitness-ci.com\\\/wp-content\\\/uploads\\\/2025\\\/09\\\/Gemini_Generated_Image_s8xjpzs8xjpzs8xj.png\",\"contentUrl\":\"https:\\\/\\\/juice.holifitness-ci.com\\\/wp-content\\\/uploads\\\/2025\\\/09\\\/Gemini_Generated_Image_s8xjpzs8xjpzs8xj.png\",\"width\":1024,\"height\":1024},{\"@type\":\"BreadcrumbList\",\"@id\":\"https:\\\/\\\/juice.holifitness-ci.com\\\/product\\\/jus-pomme-poire-gingembre\\\/#breadcrumb\",\"itemListElement\":[{\"@type\":\"ListItem\",\"position\":1,\"name\":\"Home\",\"item\":\"https:\\\/\\\/juice.holifitness-ci.com\\\/\"},{\"@type\":\"ListItem\",\"position\":2,\"name\":\"Shop\",\"item\":\"https:\\\/\\\/juice.holifitness-ci.com\\\/shop\\\/\"},{\"@type\":\"ListItem\",\"position\":3,\"name\":\"Jus Pomme Poire Gingembre\"}]},{\"@type\":\"WebSite\",\"@id\":\"https:\\\/\\\/juice.holifitness-ci.com\\\/#website\",\"url\":\"https:\\\/\\\/juice.holifitness-ci.com\\\/\",\"name\":\"JUS AUREA\",\"description\":\"Local - Frais - Bio\",\"potentialAction\":[{\"@type\":\"SearchAction\",\"target\":{\"@type\":\"EntryPoint\",\"urlTemplate\":\"https:\\\/\\\/juice.holifitness-ci.com\\\/?s={search_term_string}\"},\"query-input\":{\"@type\":\"PropertyValueSpecification\",\"valueRequired\":true,\"valueName\":\"search_term_string\"}}],\"inLanguage\":\"en-US\"}]}<\/script>\n<!-- \/ Yoast SEO plugin. -->","yoast_head_json":{"title":"Jus Pomme Poire Gingembre - JUS AUREA","robots":{"index":"index","follow":"follow","max-snippet":"max-snippet:-1","max-image-preview":"max-image-preview:large","max-video-preview":"max-video-preview:-1"},"canonical":"https:\/\/juice.holifitness-ci.com\/en\/product\/jus-pomme-poire-gingembre\/","og_locale":"en_US","og_type":"article","og_title":"Jus Pomme Poire Gingembre - JUS AUREA","og_description":"Ingr\u00e9dients: Pommes fraiches lav\u00e9es et coup\u00e9es-Poires mures- gimgembre (un petit morceau)-Eau .","og_url":"https:\/\/juice.holifitness-ci.com\/en\/product\/jus-pomme-poire-gingembre\/","og_site_name":"JUS AUREA","article_modified_time":"2025-10-17T16:11:43+00:00","og_image":[{"width":1024,"height":1024,"url":"https:\/\/juice.holifitness-ci.com\/wp-content\/uploads\/2025\/09\/Gemini_Generated_Image_s8xjpzs8xjpzs8xj.png","type":"image\/png"}],"twitter_card":"summary_large_image","twitter_misc":{"Est. reading time":"1 minute"},"schema":{"@context":"https:\/\/schema.org","@graph":[{"@type":"WebPage","@id":"https:\/\/juice.holifitness-ci.com\/product\/jus-pomme-poire-gingembre\/","url":"https:\/\/juice.holifitness-ci.com\/product\/jus-pomme-poire-gingembre\/","name":"Jus Pomme Poire Gingembre - JUS AUREA","isPartOf":{"@id":"https:\/\/juice.holifitness-ci.com\/#website"},"primaryImageOfPage":{"@id":"https:\/\/juice.holifitness-ci.com\/product\/jus-pomme-poire-gingembre\/#primaryimage"},"image":{"@id":"https:\/\/juice.holifitness-ci.com\/product\/jus-pomme-poire-gingembre\/#primaryimage"},"thumbnailUrl":"https:\/\/juice.holifitness-ci.com\/wp-content\/uploads\/2025\/09\/Gemini_Generated_Image_s8xjpzs8xjpzs8xj.png","datePublished":"2025-09-29T13:52:03+00:00","dateModified":"2025-10-17T16:11:43+00:00","breadcrumb":{"@id":"https:\/\/juice.holifitness-ci.com\/product\/jus-pomme-poire-gingembre\/#breadcrumb"},"inLanguage":"en-US","potentialAction":[{"@type":"ReadAction","target":["https:\/\/juice.holifitness-ci.com\/product\/jus-pomme-poire-gingembre\/"]}]},{"@type":"ImageObject","inLanguage":"en-US","@id":"https:\/\/juice.holifitness-ci.com\/product\/jus-pomme-poire-gingembre\/#primaryimage","url":"https:\/\/juice.holifitness-ci.com\/wp-content\/uploads\/2025\/09\/Gemini_Generated_Image_s8xjpzs8xjpzs8xj.png","contentUrl":"https:\/\/juice.holifitness-ci.com\/wp-content\/uploads\/2025\/09\/Gemini_Generated_Image_s8xjpzs8xjpzs8xj.png","width":1024,"height":1024},{"@type":"BreadcrumbList","@id":"https:\/\/juice.holifitness-ci.com\/product\/jus-pomme-poire-gingembre\/#breadcrumb","itemListElement":[{"@type":"ListItem","position":1,"name":"Home","item":"https:\/\/juice.holifitness-ci.com\/"},{"@type":"ListItem","position":2,"name":"Shop","item":"https:\/\/juice.holifitness-ci.com\/shop\/"},{"@type":"ListItem","position":3,"name":"Jus Pomme Poire Gingembre"}]},{"@type":"WebSite","@id":"https:\/\/juice.holifitness-ci.com\/#website","url":"https:\/\/juice.holifitness-ci.com\/","name":"JUS AUREA","description":"Local - Frais - Bio","potentialAction":[{"@type":"SearchAction","target":{"@type":"EntryPoint","urlTemplate":"https:\/\/juice.holifitness-ci.com\/?s={search_term_string}"},"query-input":{"@type":"PropertyValueSpecification","valueRequired":true,"valueName":"search_term_string"}}],"inLanguage":"en-US"}]}},"_links":{"self":[{"href":"https:\/\/juice.holifitness-ci.com\/en\/wp-json\/wp\/v2\/product\/2564","targetHints":{"allow":["GET"]}}],"collection":[{"href":"https:\/\/juice.holifitness-ci.com\/en\/wp-json\/wp\/v2\/product"}],"about":[{"href":"https:\/\/juice.holifitness-ci.com\/en\/wp-json\/wp\/v2\/types\/product"}],"replies":[{"embeddable":true,"href":"https:\/\/juice.holifitness-ci.com\/en\/wp-json\/wp\/v2\/comments?post=2564"}],"wp:featuredmedia":[{"embeddable":true,"href":"https:\/\/juice.holifitness-ci.com\/en\/wp-json\/wp\/v2\/media\/2622"}],"wp:attachment":[{"href":"https:\/\/juice.holifitness-ci.com\/en\/wp-json\/wp\/v2\/media?parent=2564"}],"wp:term":[{"taxonomy":"product_brand","embeddable":true,"href":"https:\/\/juice.holifitness-ci.com\/en\/wp-json\/wp\/v2\/product_brand?post=2564"},{"taxonomy":"product_cat","embeddable":true,"href":"https:\/\/juice.holifitness-ci.com\/en\/wp-json\/wp\/v2\/product_cat?post=2564"},{"taxonomy":"product_tag","embeddable":true,"href":"https:\/\/juice.holifitness-ci.com\/en\/wp-json\/wp\/v2\/product_tag?post=2564"}],"curies":[{"name":"wp","href":"https:\/\/api.w.org\/{rel}","templated":true}]}}