{"id":783,"date":"2018-05-03T08:19:16","date_gmt":"2018-05-03T08:19:16","guid":{"rendered":"http:\/\/frappe.elated-themes.com\/?page_id=783"},"modified":"2025-10-15T19:00:13","modified_gmt":"2025-10-15T17:00:13","slug":"accordions","status":"publish","type":"page","link":"https:\/\/juice.holifitness-ci.com\/en\/elements\/accordions\/","title":{"rendered":"A propos"},"content":{"rendered":"<div class=\"wpb-content-wrapper\"><div class=\"eltdf-row-grid-section-wrapper\"  ><div class=\"eltdf-row-grid-section\"><div class=\"vc_row wpb_row vc_row-fluid vc_custom_1525872289684\" ><div class=\"wpb_column vc_column_container vc_col-sm-12\"><div class=\"vc_column-inner\"><div class=\"wpb_wrapper\"><div class=\"eltdf-accordion-holder eltdf-ac-default  eltdf-accordion eltdf-ac-boxed  clearfix\">\n\t<h6 class=\"eltdf-accordion-title\">\n    <span class=\"eltdf-accordion-mark\">\n\t\t<span class=\"eltdf_icon_plus icon_plus\"><\/span>\n\t\t<span class=\"eltdf_icon_minus icon_minus-06\"><\/span>\n\t<\/span>\n\t<span class=\"eltdf-tab-title\">Notre Histoire<\/span>\n<\/h6>\n<div class=\"eltdf-accordion-content\">\n\t<div class=\"eltdf-accordion-content-inner\">\n\t\t\n\t<div class=\"wpb_text_column wpb_content_element\" >\n\t\t<div class=\"wpb_wrapper\">\n\t\t\t<p><strong><u>L&rsquo;Histoire d&rsquo;AUREA<\/u><\/strong> : <strong>Bien Plus que du Jus, une Histoire de Famille, La Saveur de l&rsquo;Enfance et l&rsquo;\u00c9veil d&rsquo;une Passion<\/strong><\/p>\n<p>L&rsquo;aventure AUREA n&rsquo;est pas n\u00e9e dans une salle de r\u00e9union, mais au c\u0153ur des souvenirs d&rsquo;enfance. Pour notre fondatrice, chaque gorg\u00e9e de jus exotique ravivait le go\u00fbt des apr\u00e8s-midis pass\u00e9s au pays, la fra\u00eecheur des fruits fra\u00eechement cueillis et la richesse d&rsquo;une culture o\u00f9 le bien-\u00eatre est simple et naturel.<\/p>\n<p>&nbsp;<\/p>\n<p>Ce d\u00e9sir, ce besoin de faire revivre et de transmettre ces saveurs authentiques et ces secrets de sant\u00e9 \u00e0 son propre entourage, fut l&rsquo;\u00e9tincelle. Comment partager ce tr\u00e9sor avec sa famille, ses amis, et sa communaut\u00e9 ? La r\u00e9ponse \u00e9tait claire : en cr\u00e9ant un jus qui soit \u00e0 la fois un voyage et un geste d&rsquo;amour.<\/p>\n<p>AUREA : L&rsquo;Amour, la Famille et l&rsquo;H\u00e9ritage<\/p>\n<p>Le nom de notre marque est l&rsquo;essence m\u00eame de cette histoire, un hommage aux piliers de notre vie :<\/p>\n<p>* A comme Audrey, notre fondatrice, la visionnaire.<\/p>\n<p>* U comme Ursula, sa fille, la promesse de l&rsquo;avenir.<\/p>\n<p>* R comme Roland, son \u00e9poux et partenaire, le soutien ind\u00e9fectible.<\/p>\n<p>* E comme Elijah, son fils, l&rsquo;inspiration de chaque jour.<\/p>\n<p>* Le dernier A est pour l&rsquo;Amour, la valeur fondamentale qui lie notre famille et notre mission.<\/p>\n<p>AUREA est donc le reflet d&rsquo;une femme, m\u00e8re et \u00e9pouse qui comprend l&rsquo;importance du travail acharn\u00e9, de l&#8217;empathie et, surtout, de la n\u00e9cessit\u00e9 de garder son entourage en bonne sant\u00e9.<\/p>\n<p>L&rsquo;Exigence d&rsquo;un Jus Vrai : Qualit\u00e9 et Engagement.<\/p>\n\n\t\t<\/div>\n\t<\/div>\n\t<\/div>\n<\/div><h6 class=\"eltdf-accordion-title\">\n    <span class=\"eltdf-accordion-mark\">\n\t\t<span class=\"eltdf_icon_plus icon_plus\"><\/span>\n\t\t<span class=\"eltdf_icon_minus icon_minus-06\"><\/span>\n\t<\/span>\n\t<span class=\"eltdf-tab-title\">Notre Mission<\/span>\n<\/h6>\n<div class=\"eltdf-accordion-content\">\n\t<div class=\"eltdf-accordion-content-inner\">\n\t\t\n\t<div class=\"wpb_text_column wpb_content_element\" >\n\t\t<div class=\"wpb_wrapper\">\n\t\t\t<p>Notre mission chez AUREA repose sur trois piliers : promouvoir la sant\u00e9, faire d\u00e9couvrir des saveurs exotiques uniques (du bissap au baobab), et soutenir les producteurs.<\/p>\n<p>Pour garantir l&rsquo;excellence, nous n&rsquo;acceptons aucun compromis sur la qualit\u00e9 :<\/p>\n<p>* Sourcing \u00c9thique et Local : Nous travaillons main dans la main avec des mara\u00eechers r\u00e9gionaux et collaborons avec des coop\u00e9ratives certifi\u00e9es en C\u00f4te d&rsquo;Ivoire pour importer des fruits aux saveurs intenses. Nous soutenons ainsi les fili\u00e8res biologiques et r\u00e9gionales.<\/p>\n<p>* La Conservation Maximale : Nos jus sont fabriqu\u00e9s uniquement par pression \u00e0 froid. Cette m\u00e9thode est la plus respectueuse : elle permet au fruit de conserver l&rsquo;int\u00e9gralit\u00e9 de ses nutriments, enzymes et saveurs naturelles. C&rsquo;est la garantie d&rsquo;un produit qui est non seulement d\u00e9licieux, mais r\u00e9ellement bon pour votre corps.<\/p>\n\n\t\t<\/div>\n\t<\/div>\n\t<\/div>\n<\/div><h6 class=\"eltdf-accordion-title\">\n    <span class=\"eltdf-accordion-mark\">\n\t\t<span class=\"eltdf_icon_plus icon_plus\"><\/span>\n\t\t<span class=\"eltdf_icon_minus icon_minus-06\"><\/span>\n\t<\/span>\n\t<span class=\"eltdf-tab-title\">Notre Promesse<\/span>\n<\/h6>\n<div class=\"eltdf-accordion-content\">\n\t<div class=\"eltdf-accordion-content-inner\">\n\t\t\n\t<div class=\"wpb_text_column wpb_content_element\" >\n\t\t<div class=\"wpb_wrapper\">\n\t\t\t<p>La Sant\u00e9 au Quotidien<\/p>\n<p>Chaque bouteille d&rsquo;AUREA est remplie de cette promesse.<\/p>\n<p>Nos jus conservent tous les bienfaits du fruit.<\/p>\n<p>En choisissant AUREA, vous ne faites pas qu&rsquo;acheter un jus ; vous partagez notre valeur de communaut\u00e9, vous soutenez notre engagement pour l&rsquo;authenticit\u00e9 et vous participez \u00e0 une tradition de partage et de bien-\u00eatre.<\/p>\n\n\t\t<\/div>\n\t<\/div>\n\t<\/div>\n<\/div><h6 class=\"eltdf-accordion-title\">\n    <span class=\"eltdf-accordion-mark\">\n\t\t<span class=\"eltdf_icon_plus icon_plus\"><\/span>\n\t\t<span class=\"eltdf_icon_minus icon_minus-06\"><\/span>\n\t<\/span>\n\t<span class=\"eltdf-tab-title\">Notre souhait<\/span>\n<\/h6>\n<div class=\"eltdf-accordion-content\">\n\t<div class=\"eltdf-accordion-content-inner\">\n\t\t\n\t<div class=\"wpb_text_column wpb_content_element\" >\n\t\t<div class=\"wpb_wrapper\">\n\t\t\t<p>Que chaque gorg\u00e9e d&rsquo;AUREA vous rappelle que prendre soin de soi et des gens qu&rsquo;on aime est le plus beau des gestes.<\/p>\n\n\t\t<\/div>\n\t<\/div>\n\t<\/div>\n<\/div><\/div><\/div><\/div><\/div><\/div><\/div><\/div><div class=\"vc_row wpb_row vc_row-fluid\" ><div class=\"wpb_column vc_column_container vc_col-sm-12\"><div class=\"vc_column-inner\"><div class=\"wpb_wrapper\"><div class=\"eltdf-row-grid-section-wrapper\" ><div class=\"eltdf-row-grid-section\"><div class=\"vc_row wpb_row vc_inner vc_row-fluid vc_custom_1524064190538\" ><div class=\"wpb_column vc_column_container vc_col-sm-12\"><div class=\"vc_column-inner\"><div class=\"wpb_wrapper\"><div class=\"eltdf-section-title-holder  eltdf-st-standard eltdf-st-title-left eltdf-st-normal-space\" style=\"text-align: center\">\n\t\t<div class=\"eltdf-st-inner\">\n\t\t\t\t\t<h1 class=\"eltdf-st-title\" >\n\t\t\t\tNos jus\t\t\t<\/h1>\n\t\t\t\t\t<\/div>\n<\/div><div class=\"vc_separator wpb_content_element vc_separator_align_center vc_sep_width_100 vc_sep_pos_align_center vc_separator_no_text vc_sep_color_grey vc_custom_1760547507991  vc_custom_1760547507991\" ><span class=\"vc_sep_holder vc_sep_holder_l\"><span class=\"vc_sep_line\"><\/span><\/span><span class=\"vc_sep_holder vc_sep_holder_r\"><span class=\"vc_sep_line\"><\/span><\/span>\n<\/div><div class=\"eltdf-item-showcase-holder clearfix\"><div class=\"eltdf-is-item eltdf-is-left\">\n\t<div class=\"eltdf-is-content\">\n\t\t\t\t\t<h3 class=\"eltdf-is-title\" style=\"color: #6d2e2e\">\n\t\t\t\t\t\t\t\tCarotte-Orange-Citron\t\t\t\t\t\t\t<\/h3>\n\t\t\t\t\t\t\t<p class=\"eltdf-is-text\" >Le cocktail vitamin\u00e9 pour votre \u00e9nergie. Faite le plein de vitalit\u00e9 avec notre jus Carotte-Orange-Citron.<\/p>\n\t\t\t<\/div>\n<\/div><div class=\"eltdf-is-item eltdf-is-left\">\n\t<div class=\"eltdf-is-content\">\n\t\t\t\t\t<h3 class=\"eltdf-is-title\" style=\"color: #6d2e2e\">\n\t\t\t\t\t\t\t\tFraise-Basilic\t\t\t\t\t\t\t<\/h3>\n\t\t\t\t\t\t\t<p class=\"eltdf-is-text\" >L&#039;audace fruit\u00e9 et aromatique. D\u00e9couvrez le mariage surprenant et terriblement rafra\u00eechissant de la Fraise sucr\u00e9e et du Basilic subtilement \u00e9pic\u00e9.<\/p>\n\t\t\t<\/div>\n<\/div><div class=\"eltdf-is-item eltdf-is-left\">\n\t<div class=\"eltdf-is-content\">\n\t\t\t\t\t<h3 class=\"eltdf-is-title\" style=\"color: #6d2e2e\">\n\t\t\t\t\t\t\t\tJus de Baobab\t\t\t\t\t\t\t<\/h3>\n\t\t\t\t\t\t\t<p class=\"eltdf-is-text\" >L&#039;\u00e9lixir africain aux mille vertus. Savourez l&#039;exotisme et les bienfaits du fruit du Baobab.<\/p>\n\t\t\t<\/div>\n<\/div><div class=\"eltdf-is-item eltdf-is-right\">\n\t<div class=\"eltdf-is-content\">\n\t\t\t\t\t<h3 class=\"eltdf-is-title\" style=\"color: #6d2e2e\">\n\t\t\t\t\t\t\t\tJus de Bissap\t\t\t\t\t\t\t<\/h3>\n\t\t\t\t\t\t\t<p class=\"eltdf-is-text\" >L&#039;hibiscus pourpre et vivifiant. Plongez dans la tradtion avec notre Jus de Bissap (fleur d&#039;hibiscus).<\/p>\n\t\t\t<\/div>\n<\/div><div class=\"eltdf-is-item eltdf-is-right\">\n\t<div class=\"eltdf-is-content\">\n\t\t\t\t\t<h3 class=\"eltdf-is-title\" style=\"color: #6d2e2e\">\n\t\t\t\t\t\t\t\tJus de Tamarin\t\t\t\t\t\t\t<\/h3>\n\t\t\t\t\t\t\t<p class=\"eltdf-is-text\" >Le go\u00fbt acidul\u00e9 et rafra\u00eechissant de l&#039;\u00e9vasion. Laissez-vous s\u00e9duire par l&#039;acidit\u00e9 fruit\u00e9e et l\u00e9g\u00e8rement caram\u00e9lis\u00e9e du Tamarin<\/p>\n\t\t\t<\/div>\n<\/div><div class=\"eltdf-is-item eltdf-is-right\">\n\t<div class=\"eltdf-is-content\">\n\t\t\t\t\t<h3 class=\"eltdf-is-title\" style=\"color: #6d2e2e\">\n\t\t\t\t\t\t\t\tJus Pomme Pomme Gingembre\t\t\t\t\t\t\t<\/h3>\n\t\t\t\t\t\t\t<p class=\"eltdf-is-text\" >L&#039;\u00e9quilibre parfait entre douceur et caract\u00e8re. Notre jus Pomme-Poire-Gingembre est une symphonie de saveurs.<\/p>\n\t\t\t<\/div>\n<\/div><div class=\"eltdf-is-image\" style=\"margin-top: -20px\"><img fetchpriority=\"high\" decoding=\"async\" width=\"600\" height=\"764\" src=\"https:\/\/juice.holifitness-ci.com\/wp-content\/uploads\/2018\/04\/h3-img-3.png\" class=\"attachment-full size-full\" alt=\"m\" srcset=\"https:\/\/juice.holifitness-ci.com\/wp-content\/uploads\/2018\/04\/h3-img-3.png 600w, https:\/\/juice.holifitness-ci.com\/wp-content\/uploads\/2018\/04\/h3-img-3-236x300.png 236w\" sizes=\"(max-width: 600px) 100vw, 600px\" \/><\/div><\/div><\/div><\/div><\/div><\/div><\/div><\/div><\/div><\/div><\/div><\/div>\n<\/div>","protected":false},"excerpt":{"rendered":"Notre Histoire L'Histoire d'AUREA : Bien Plus que du Jus, une Histoire de Famille, La Saveur de l'Enfance et l'\u00c9veil d'une Passion L'aventure AUREA n'est pas n\u00e9e dans une salle de r\u00e9union, mais au c\u0153ur des souvenirs d'enfance. Pour notre [...]","protected":false},"author":1,"featured_media":0,"parent":441,"menu_order":0,"comment_status":"closed","ping_status":"closed","template":"full-width.php","meta":{"footnotes":""},"class_list":["post-783","page","type-page","status-publish","hentry"],"yoast_head":"<!-- This site is optimized with the Yoast SEO plugin v27.6 - https:\/\/yoast.com\/product\/yoast-seo-wordpress\/ -->\n<title>A propos - JUS AUREA<\/title>\n<meta name=\"robots\" content=\"index, follow, max-snippet:-1, max-image-preview:large, max-video-preview:-1\" \/>\n<link rel=\"canonical\" href=\"https:\/\/juice.holifitness-ci.com\/en\/elements\/accordions\/\" \/>\n<meta property=\"og:locale\" content=\"en_US\" \/>\n<meta property=\"og:type\" content=\"article\" \/>\n<meta property=\"og:title\" content=\"A propos - JUS AUREA\" \/>\n<meta property=\"og:url\" content=\"https:\/\/juice.holifitness-ci.com\/en\/elements\/accordions\/\" \/>\n<meta property=\"og:site_name\" content=\"JUS AUREA\" \/>\n<meta property=\"article:modified_time\" content=\"2025-10-15T17:00:13+00:00\" \/>\n<meta name=\"twitter:card\" content=\"summary_large_image\" \/>\n<meta name=\"twitter:label1\" content=\"Est. reading time\" \/>\n\t<meta name=\"twitter:data1\" content=\"4 minutes\" \/>\n<script type=\"application\/ld+json\" class=\"yoast-schema-graph\">{\"@context\":\"https:\\\/\\\/schema.org\",\"@graph\":[{\"@type\":\"WebPage\",\"@id\":\"https:\\\/\\\/juice.holifitness-ci.com\\\/elements\\\/accordions\\\/\",\"url\":\"https:\\\/\\\/juice.holifitness-ci.com\\\/elements\\\/accordions\\\/\",\"name\":\"A propos - JUS AUREA\",\"isPartOf\":{\"@id\":\"https:\\\/\\\/juice.holifitness-ci.com\\\/#website\"},\"datePublished\":\"2018-05-03T08:19:16+00:00\",\"dateModified\":\"2025-10-15T17:00:13+00:00\",\"breadcrumb\":{\"@id\":\"https:\\\/\\\/juice.holifitness-ci.com\\\/elements\\\/accordions\\\/#breadcrumb\"},\"inLanguage\":\"en-US\",\"potentialAction\":[{\"@type\":\"ReadAction\",\"target\":[\"https:\\\/\\\/juice.holifitness-ci.com\\\/elements\\\/accordions\\\/\"]}]},{\"@type\":\"BreadcrumbList\",\"@id\":\"https:\\\/\\\/juice.holifitness-ci.com\\\/elements\\\/accordions\\\/#breadcrumb\",\"itemListElement\":[{\"@type\":\"ListItem\",\"position\":1,\"name\":\"Home\",\"item\":\"https:\\\/\\\/juice.holifitness-ci.com\\\/\"},{\"@type\":\"ListItem\",\"position\":2,\"name\":\"Elements\",\"item\":\"https:\\\/\\\/juice.holifitness-ci.com\\\/elements\\\/\"},{\"@type\":\"ListItem\",\"position\":3,\"name\":\"A propos\"}]},{\"@type\":\"WebSite\",\"@id\":\"https:\\\/\\\/juice.holifitness-ci.com\\\/#website\",\"url\":\"https:\\\/\\\/juice.holifitness-ci.com\\\/\",\"name\":\"JUS AUREA\",\"description\":\"Local - Frais - Bio\",\"potentialAction\":[{\"@type\":\"SearchAction\",\"target\":{\"@type\":\"EntryPoint\",\"urlTemplate\":\"https:\\\/\\\/juice.holifitness-ci.com\\\/?s={search_term_string}\"},\"query-input\":{\"@type\":\"PropertyValueSpecification\",\"valueRequired\":true,\"valueName\":\"search_term_string\"}}],\"inLanguage\":\"en-US\"}]}<\/script>\n<!-- \/ Yoast SEO plugin. -->","yoast_head_json":{"title":"A propos - JUS AUREA","robots":{"index":"index","follow":"follow","max-snippet":"max-snippet:-1","max-image-preview":"max-image-preview:large","max-video-preview":"max-video-preview:-1"},"canonical":"https:\/\/juice.holifitness-ci.com\/en\/elements\/accordions\/","og_locale":"en_US","og_type":"article","og_title":"A propos - JUS AUREA","og_url":"https:\/\/juice.holifitness-ci.com\/en\/elements\/accordions\/","og_site_name":"JUS AUREA","article_modified_time":"2025-10-15T17:00:13+00:00","twitter_card":"summary_large_image","twitter_misc":{"Est. reading time":"4 minutes"},"schema":{"@context":"https:\/\/schema.org","@graph":[{"@type":"WebPage","@id":"https:\/\/juice.holifitness-ci.com\/elements\/accordions\/","url":"https:\/\/juice.holifitness-ci.com\/elements\/accordions\/","name":"A propos - JUS AUREA","isPartOf":{"@id":"https:\/\/juice.holifitness-ci.com\/#website"},"datePublished":"2018-05-03T08:19:16+00:00","dateModified":"2025-10-15T17:00:13+00:00","breadcrumb":{"@id":"https:\/\/juice.holifitness-ci.com\/elements\/accordions\/#breadcrumb"},"inLanguage":"en-US","potentialAction":[{"@type":"ReadAction","target":["https:\/\/juice.holifitness-ci.com\/elements\/accordions\/"]}]},{"@type":"BreadcrumbList","@id":"https:\/\/juice.holifitness-ci.com\/elements\/accordions\/#breadcrumb","itemListElement":[{"@type":"ListItem","position":1,"name":"Home","item":"https:\/\/juice.holifitness-ci.com\/"},{"@type":"ListItem","position":2,"name":"Elements","item":"https:\/\/juice.holifitness-ci.com\/elements\/"},{"@type":"ListItem","position":3,"name":"A propos"}]},{"@type":"WebSite","@id":"https:\/\/juice.holifitness-ci.com\/#website","url":"https:\/\/juice.holifitness-ci.com\/","name":"JUS AUREA","description":"Local - Frais - Bio","potentialAction":[{"@type":"SearchAction","target":{"@type":"EntryPoint","urlTemplate":"https:\/\/juice.holifitness-ci.com\/?s={search_term_string}"},"query-input":{"@type":"PropertyValueSpecification","valueRequired":true,"valueName":"search_term_string"}}],"inLanguage":"en-US"}]}},"_links":{"self":[{"href":"https:\/\/juice.holifitness-ci.com\/en\/wp-json\/wp\/v2\/pages\/783","targetHints":{"allow":["GET"]}}],"collection":[{"href":"https:\/\/juice.holifitness-ci.com\/en\/wp-json\/wp\/v2\/pages"}],"about":[{"href":"https:\/\/juice.holifitness-ci.com\/en\/wp-json\/wp\/v2\/types\/page"}],"author":[{"embeddable":true,"href":"https:\/\/juice.holifitness-ci.com\/en\/wp-json\/wp\/v2\/users\/1"}],"replies":[{"embeddable":true,"href":"https:\/\/juice.holifitness-ci.com\/en\/wp-json\/wp\/v2\/comments?post=783"}],"version-history":[{"count":16,"href":"https:\/\/juice.holifitness-ci.com\/en\/wp-json\/wp\/v2\/pages\/783\/revisions"}],"predecessor-version":[{"id":2731,"href":"https:\/\/juice.holifitness-ci.com\/en\/wp-json\/wp\/v2\/pages\/783\/revisions\/2731"}],"up":[{"embeddable":true,"href":"https:\/\/juice.holifitness-ci.com\/en\/wp-json\/wp\/v2\/pages\/441"}],"wp:attachment":[{"href":"https:\/\/juice.holifitness-ci.com\/en\/wp-json\/wp\/v2\/media?parent=783"}],"curies":[{"name":"wp","href":"https:\/\/api.w.org\/{rel}","templated":true}]}}